{"id":370,"date":"2026-01-16T02:19:52","date_gmt":"2026-01-16T02:19:52","guid":{"rendered":"https:\/\/medicat.com.br\/site\/?page_id=370"},"modified":"2026-01-16T04:48:28","modified_gmt":"2026-01-16T04:48:28","slug":"resultados-dos-exames","status":"publish","type":"page","link":"https:\/\/medicat.com.br\/site\/resultados-dos-exames\/","title":{"rendered":"Resultados dos Exames"},"content":{"rendered":"\t\t<div data-elementor-type=\"wp-page\" data-elementor-id=\"370\" class=\"elementor elementor-370\" data-elementor-settings=\"[]\">\n\t\t\t<div class=\"elementor-inner\">\n\t\t\t\t<div class=\"elementor-section-wrap\">\n\t\t\t\t\t\t\t<section class=\"elementor-element elementor-element-907e135 elementor-section-boxed elementor-section-height-default elementor-section-height-default elementor-section elementor-top-section\" data-id=\"907e135\" data-element_type=\"section\" data-settings=\"{&quot;background_background&quot;:&quot;classic&quot;}\">\n\t\t\t\t\t\t<div class=\"elementor-container elementor-column-gap-default\">\n\t\t\t\t<div class=\"elementor-row\">\n\t\t\t\t<div class=\"elementor-element elementor-element-51f2344 elementor-column elementor-col-25 elementor-top-column\" data-id=\"51f2344\" data-element_type=\"column\">\n\t\t\t<div class=\"elementor-column-wrap  elementor-element-populated\">\n\t\t\t\t\t<div class=\"elementor-widget-wrap\">\n\t\t\t\t<div class=\"elementor-element elementor-element-7c7622a elementor-position-left elementor-vertical-align-middle elementor-absolute elementor-view-default elementor-widget elementor-widget-icon-box\" data-id=\"7c7622a\" data-element_type=\"widget\" data-settings=\"{&quot;_position&quot;:&quot;absolute&quot;}\" data-widget_type=\"icon-box.default\">\n\t\t\t\t<div class=\"elementor-widget-container\">\n\t\t\t\t\t<div class=\"elementor-icon-box-wrapper\">\n\t\t\t\t\t\t<div class=\"elementor-icon-box-icon\">\n\t\t\t\t<span class=\"elementor-icon elementor-animation-\" >\n\t\t\t\t<i aria-hidden=\"true\" class=\"fas fa-map-marker-alt\"><\/i>\t\t\t\t<\/span>\n\t\t\t<\/div>\n\t\t\t\t\t\t<div class=\"elementor-icon-box-content\">\n\t\t\t\t<span class=\"elementor-icon-box-title\">\n\t\t\t\t\t<span ><\/span>\n\t\t\t\t<\/span>\n\t\t\t\t\t\t\t\t<p class=\"elementor-icon-box-description\">Rua da Pedreira, 22, S\u00e3o Jos\u00e9, Petrolina-PE<\/p>\n\t\t\t\t\t\t\t<\/div>\n\t\t<\/div>\n\t\t\t\t<\/div>\n\t\t\t\t<\/div>\n\t\t\t\t\t\t<\/div>\n\t\t\t<\/div>\n\t\t<\/div>\n\t\t\t\t<div class=\"elementor-element elementor-element-293ecc8 elementor-column elementor-col-25 elementor-top-column\" data-id=\"293ecc8\" data-element_type=\"column\">\n\t\t\t<div class=\"elementor-column-wrap\">\n\t\t\t\t\t<div class=\"elementor-widget-wrap\">\n\t\t\t\t\t\t<\/div>\n\t\t\t<\/div>\n\t\t<\/div>\n\t\t\t\t<div class=\"elementor-element elementor-element-99873c1 elementor-column elementor-col-25 elementor-top-column\" data-id=\"99873c1\" data-element_type=\"column\">\n\t\t\t<div class=\"elementor-column-wrap  elementor-element-populated\">\n\t\t\t\t\t<div class=\"elementor-widget-wrap\">\n\t\t\t\t<div class=\"elementor-element elementor-element-1cb7a36 elementor-position-left elementor-vertical-align-middle elementor-absolute elementor-view-default elementor-widget elementor-widget-icon-box\" data-id=\"1cb7a36\" data-element_type=\"widget\" data-settings=\"{&quot;_position&quot;:&quot;absolute&quot;}\" data-widget_type=\"icon-box.default\">\n\t\t\t\t<div class=\"elementor-widget-container\">\n\t\t\t\t\t<div class=\"elementor-icon-box-wrapper\">\n\t\t\t\t\t\t<div class=\"elementor-icon-box-icon\">\n\t\t\t\t<span class=\"elementor-icon elementor-animation-\" >\n\t\t\t\t<i aria-hidden=\"true\" class=\"fas fa-phone-square\"><\/i>\t\t\t\t<\/span>\n\t\t\t<\/div>\n\t\t\t\t\t\t<div class=\"elementor-icon-box-content\">\n\t\t\t\t<span class=\"elementor-icon-box-title\">\n\t\t\t\t\t<span ><\/span>\n\t\t\t\t<\/span>\n\t\t\t\t\t\t\t\t<p class=\"elementor-icon-box-description\">(87) 3862-1980<\/p>\n\t\t\t\t\t\t\t<\/div>\n\t\t<\/div>\n\t\t\t\t<\/div>\n\t\t\t\t<\/div>\n\t\t\t\t\t\t<\/div>\n\t\t\t<\/div>\n\t\t<\/div>\n\t\t\t\t<div class=\"elementor-element elementor-element-eae5c5a elementor-column elementor-col-25 elementor-top-column\" data-id=\"eae5c5a\" data-element_type=\"column\">\n\t\t\t<div class=\"elementor-column-wrap  elementor-element-populated\">\n\t\t\t\t\t<div class=\"elementor-widget-wrap\">\n\t\t\t\t<div class=\"elementor-element elementor-element-87e8985 elementor-shape-circle elementor-widget elementor-widget-social-icons\" data-id=\"87e8985\" data-element_type=\"widget\" data-widget_type=\"social-icons.default\">\n\t\t\t\t<div class=\"elementor-widget-container\">\n\t\t\t\t\t<div class=\"elementor-social-icons-wrapper\">\n\t\t\t\t\t\t\t<a class=\"elementor-icon elementor-social-icon elementor-social-icon-facebook elementor-repeater-item-e11ac89\" href=\"https:\/\/www.facebook.com\/medicat.medicinadotrabalholtda\" target=\"_blank\">\n\t\t\t\t\t<span class=\"elementor-screen-only\">Facebook<\/span>\n\t\t\t\t\t<i class=\"fab fa-facebook\"><\/i>\t\t\t\t<\/a>\n\t\t\t\t\t\t\t<a class=\"elementor-icon elementor-social-icon elementor-social-icon-instagram elementor-repeater-item-930219e\" href=\"https:\/\/www.instagram.com\/medicatpnz\" target=\"_blank\">\n\t\t\t\t\t<span class=\"elementor-screen-only\">Instagram<\/span>\n\t\t\t\t\t<i class=\"fab fa-instagram\"><\/i>\t\t\t\t<\/a>\n\t\t\t\t\t\t\t<a class=\"elementor-icon elementor-social-icon elementor-social-icon-linkedin elementor-repeater-item-eaf74d3\" href=\"https:\/\/br.linkedin.com\/company\/medicat-medicina-preventiva-e-seguran%C3%A7a-do-trabalho\" target=\"_blank\">\n\t\t\t\t\t<span class=\"elementor-screen-only\">Linkedin<\/span>\n\t\t\t\t\t<i class=\"fab fa-linkedin\"><\/i>\t\t\t\t<\/a>\n\t\t\t\t\t\t\t<a class=\"elementor-icon elementor-social-icon elementor-social-icon-whatsapp elementor-repeater-item-8ab9dc7\" href=\"https:\/\/api.whatsapp.com\/send?phone=5587988441980\" target=\"_blank\">\n\t\t\t\t\t<span class=\"elementor-screen-only\">Whatsapp<\/span>\n\t\t\t\t\t<i class=\"fab fa-whatsapp\"><\/i>\t\t\t\t<\/a>\n\t\t\t\t\t<\/div>\n\t\t\t\t<\/div>\n\t\t\t\t<\/div>\n\t\t\t\t\t\t<\/div>\n\t\t\t<\/div>\n\t\t<\/div>\n\t\t\t\t\t\t<\/div>\n\t\t\t<\/div>\n\t\t<\/section>\n\t\t\t\t<section class=\"elementor-element elementor-element-4a595706 elementor-section-content-middle elementor-section-boxed elementor-section-height-default elementor-section-height-default elementor-section elementor-top-section\" data-id=\"4a595706\" data-element_type=\"section\" data-settings=\"{&quot;background_background&quot;:&quot;classic&quot;}\">\n\t\t\t\t\t\t<div class=\"elementor-container elementor-column-gap-default\">\n\t\t\t\t<div class=\"elementor-row\">\n\t\t\t\t<div class=\"elementor-element elementor-element-2cb627d1 elementor-column elementor-col-50 elementor-top-column\" data-id=\"2cb627d1\" data-element_type=\"column\">\n\t\t\t<div class=\"elementor-column-wrap  elementor-element-populated\">\n\t\t\t\t\t<div class=\"elementor-widget-wrap\">\n\t\t\t\t<div class=\"elementor-element elementor-element-55ef35e elementor-widget elementor-widget-image\" data-id=\"55ef35e\" data-element_type=\"widget\" data-widget_type=\"image.default\">\n\t\t\t\t<div class=\"elementor-widget-container\">\n\t\t\t\t\t<div class=\"elementor-image\">\n\t\t\t\t\t\t\t\t\t\t\t<a href=\"https:\/\/medicat.com.br\/site\/\">\n\t\t\t\t\t\t\t<img loading=\"lazy\" decoding=\"async\" width=\"250\" height=\"97\" src=\"https:\/\/medicat.com.br\/site\/wp-content\/uploads\/2026\/01\/logo.png\" class=\"attachment-full size-full\" alt=\"\" \/>\t\t\t\t\t\t\t\t<\/a>\n\t\t\t\t\t\t\t\t\t\t\t<\/div>\n\t\t\t\t<\/div>\n\t\t\t\t<\/div>\n\t\t\t\t\t\t<\/div>\n\t\t\t<\/div>\n\t\t<\/div>\n\t\t\t\t<div class=\"elementor-element elementor-element-d1360f2 elementor-column elementor-col-50 elementor-top-column\" data-id=\"d1360f2\" data-element_type=\"column\">\n\t\t\t<div class=\"elementor-column-wrap  elementor-element-populated\">\n\t\t\t\t\t<div class=\"elementor-widget-wrap\">\n\t\t\t\t<div class=\"elementor-element elementor-element-b6a034a elementor-nav-menu--indicator-classic elementor-nav-menu--dropdown-tablet elementor-nav-menu__text-align-aside elementor-nav-menu--toggle elementor-nav-menu--burger elementor-widget elementor-widget-nav-menu\" data-id=\"b6a034a\" data-element_type=\"widget\" data-settings=\"{&quot;layout&quot;:&quot;horizontal&quot;,&quot;toggle&quot;:&quot;burger&quot;}\" data-widget_type=\"nav-menu.default\">\n\t\t\t\t<div class=\"elementor-widget-container\">\n\t\t\t\t\t\t<nav class=\"elementor-nav-menu--main elementor-nav-menu__container elementor-nav-menu--layout-horizontal e--pointer-underline e--animation-fade\"><ul id=\"menu-1-b6a034a\" class=\"elementor-nav-menu\"><li class=\"menu-item menu-item-type-post_type menu-item-object-page menu-item-home menu-item-382\"><a href=\"https:\/\/medicat.com.br\/site\/\" class=\"elementor-item\">P\u00e1gina Inicial<\/a><\/li>\n<li class=\"menu-item menu-item-type-post_type menu-item-object-page menu-item-374\"><a href=\"https:\/\/medicat.com.br\/site\/resultados-dos-exames\/\" class=\"elementor-item\">Resultados dos Exames<\/a><\/li>\n<li class=\"menu-item menu-item-type-post_type menu-item-object-page menu-item-378\"><a href=\"https:\/\/medicat.com.br\/site\/contato\/\" class=\"elementor-item\">Contato<\/a><\/li>\n<\/ul><\/nav>\n\t\t\t\t\t<div class=\"elementor-menu-toggle\">\n\t\t\t<i class=\"eicon\" aria-hidden=\"true\"><\/i>\n\t\t\t<span class=\"elementor-screen-only\">Menu<\/span>\n\t\t<\/div>\n\t\t<nav class=\"elementor-nav-menu--dropdown elementor-nav-menu__container\"><ul id=\"menu-2-b6a034a\" class=\"elementor-nav-menu\"><li class=\"menu-item menu-item-type-post_type menu-item-object-page menu-item-home menu-item-382\"><a href=\"https:\/\/medicat.com.br\/site\/\" class=\"elementor-item\">P\u00e1gina Inicial<\/a><\/li>\n<li class=\"menu-item menu-item-type-post_type menu-item-object-page menu-item-374\"><a href=\"https:\/\/medicat.com.br\/site\/resultados-dos-exames\/\" class=\"elementor-item\">Resultados dos Exames<\/a><\/li>\n<li class=\"menu-item menu-item-type-post_type menu-item-object-page menu-item-378\"><a href=\"https:\/\/medicat.com.br\/site\/contato\/\" class=\"elementor-item\">Contato<\/a><\/li>\n<\/ul><\/nav>\n\t\t\t\t<\/div>\n\t\t\t\t<\/div>\n\t\t\t\t\t\t<\/div>\n\t\t\t<\/div>\n\t\t<\/div>\n\t\t\t\t\t\t<\/div>\n\t\t\t<\/div>\n\t\t<\/section>\n\t\t\t\t<section class=\"elementor-element elementor-element-57fa6fc elementor-section-boxed elementor-section-height-default elementor-section-height-default elementor-section elementor-top-section\" data-id=\"57fa6fc\" data-element_type=\"section\" data-settings=\"{&quot;background_background&quot;:&quot;classic&quot;}\">\n\t\t\t\t\t\t<div class=\"elementor-container elementor-column-gap-default\">\n\t\t\t\t<div class=\"elementor-row\">\n\t\t\t\t<div class=\"elementor-element elementor-element-3cff664 elementor-column elementor-col-100 elementor-top-column\" data-id=\"3cff664\" data-element_type=\"column\">\n\t\t\t<div class=\"elementor-column-wrap  elementor-element-populated\">\n\t\t\t\t\t<div class=\"elementor-widget-wrap\">\n\t\t\t\t<div class=\"elementor-element elementor-element-fe23341 elementor-widget elementor-widget-heading\" data-id=\"fe23341\" data-element_type=\"widget\" data-widget_type=\"heading.default\">\n\t\t\t\t<div class=\"elementor-widget-container\">\n\t\t\t<h3 class=\"elementor-heading-title elementor-size-default\">Resultados dos Exames<\/h3>\t\t<\/div>\n\t\t\t\t<\/div>\n\t\t\t\t<div class=\"elementor-element elementor-element-6e853f0 elementor-widget elementor-widget-spacer\" data-id=\"6e853f0\" data-element_type=\"widget\" data-widget_type=\"spacer.default\">\n\t\t\t\t<div class=\"elementor-widget-container\">\n\t\t\t\t\t<div class=\"elementor-spacer\">\n\t\t\t<div class=\"elementor-spacer-inner\"><\/div>\n\t\t<\/div>\n\t\t\t\t<\/div>\n\t\t\t\t<\/div>\n\t\t\t\t<div class=\"elementor-element elementor-element-7f4ab6c elementor-widget elementor-widget-text-editor\" data-id=\"7f4ab6c\" data-element_type=\"widget\" data-widget_type=\"text-editor.default\">\n\t\t\t\t<div class=\"elementor-widget-container\">\n\t\t\t\t\t<div class=\"elementor-text-editor elementor-clearfix\"><p><strong>Instru\u00e7\u00f5es para Acesso aos Exames<\/strong><\/p><p><strong>Para Clientes:<\/strong><\/p><p>Os clientes que desejam acessar seus exames devem seguir as etapas abaixo:<\/p><ol><li>Acesse o Portal do Cliente SOCRH pelo link:\u00a0<a href=\"https:\/\/www.soc.com.br\/portal-do-cliente-socrh\/\">https:\/\/www.soc.com.br\/portal-do-cliente-socrh\/<\/a>.<\/li><li>Solicite o token de acesso via WhatsApp do setor de entrega de exames pelo n\u00famero: (87) 3862-2661.<\/li><li>Insira o token recebido para ter acesso aos exames.<\/li><\/ol><p><strong>Para Colaboradores:<\/strong><\/p><p>Os colaboradores podem acessar seus exames por meio de duas op\u00e7\u00f5es:<\/p><ol><li><strong>Site:<\/strong>\u00a0Acesse pelo link:\u00a0<a href=\"https:\/\/www.soc.com.br\/meusoc-app\/\">https:\/\/www.soc.com.br\/meusoc-app\/<\/a>.<\/li><li><strong>App Meu SOC:<\/strong>\u00a0Baixe e instale o aplicativo Meu SOC em seu dispositivo m\u00f3vel.\u00a0<\/li><\/ol><p>Use-o para acessar seus exames com praticidade.<\/p><p>Caso tenha d\u00favidas ou dificuldades no acesso, entre em contato com o suporte da SOC para assist\u00eancia.<\/p><\/div>\n\t\t\t\t<\/div>\n\t\t\t\t<\/div>\n\t\t\t\t\t\t<\/div>\n\t\t\t<\/div>\n\t\t<\/div>\n\t\t\t\t\t\t<\/div>\n\t\t\t<\/div>\n\t\t<\/section>\n\t\t\t\t<section class=\"elementor-element elementor-element-859d3e6 elementor-section-boxed elementor-section-height-default elementor-section-height-default elementor-section elementor-top-section\" data-id=\"859d3e6\" data-element_type=\"section\" data-settings=\"{&quot;background_background&quot;:&quot;classic&quot;}\">\n\t\t\t\t\t\t<div class=\"elementor-container elementor-column-gap-default\">\n\t\t\t\t<div class=\"elementor-row\">\n\t\t\t\t<div class=\"elementor-element elementor-element-f3ba662 elementor-column elementor-col-100 elementor-top-column\" data-id=\"f3ba662\" data-element_type=\"column\">\n\t\t\t<div class=\"elementor-column-wrap  elementor-element-populated\">\n\t\t\t\t\t<div class=\"elementor-widget-wrap\">\n\t\t\t\t<div class=\"elementor-element elementor-element-ccd0d17 elementor-widget elementor-widget-text-editor\" data-id=\"ccd0d17\" data-element_type=\"widget\" data-widget_type=\"text-editor.default\">\n\t\t\t\t<div class=\"elementor-widget-container\">\n\t\t\t\t\t<div class=\"elementor-text-editor elementor-clearfix\"><p>\u00a9 COPYRIGHT MEDICAT 2026. DESENVOLVIMENTO: ESTRAT\u00c9GIA EVOLUTIVA.<\/p><\/div>\n\t\t\t\t<\/div>\n\t\t\t\t<\/div>\n\t\t\t\t\t\t<\/div>\n\t\t\t<\/div>\n\t\t<\/div>\n\t\t\t\t\t\t<\/div>\n\t\t\t<\/div>\n\t\t<\/section>\n\t\t\t\t\t\t<\/div>\n\t\t\t<\/div>\n\t\t<\/div>\n\t\t","protected":false},"excerpt":{"rendered":"<p>Rua da Pedreira, 22, S\u00e3o Jos\u00e9, Petrolina-PE (87) 3862-1980 Facebook Instagram Linkedin Whatsapp Resultados dos Exames Instru\u00e7\u00f5es para Acesso aos Exames Para Clientes: Os clientes que desejam acessar seus exames devem seguir as etapas abaixo: Acesse o Portal do Cliente SOCRH pelo link:\u00a0https:\/\/www.soc.com.br\/portal-do-cliente-socrh\/. Solicite o token de acesso via WhatsApp do setor de entrega de [&hellip;]<\/p>\n","protected":false},"author":2,"featured_media":0,"parent":0,"menu_order":0,"comment_status":"closed","ping_status":"closed","template":"elementor_canvas","meta":{"footnotes":""},"class_list":["post-370","page","type-page","status-publish","hentry"],"_links":{"self":[{"href":"https:\/\/medicat.com.br\/site\/wp-json\/wp\/v2\/pages\/370","targetHints":{"allow":["GET"]}}],"collection":[{"href":"https:\/\/medicat.com.br\/site\/wp-json\/wp\/v2\/pages"}],"about":[{"href":"https:\/\/medicat.com.br\/site\/wp-json\/wp\/v2\/types\/page"}],"author":[{"embeddable":true,"href":"https:\/\/medicat.com.br\/site\/wp-json\/wp\/v2\/users\/2"}],"replies":[{"embeddable":true,"href":"https:\/\/medicat.com.br\/site\/wp-json\/wp\/v2\/comments?post=370"}],"version-history":[{"count":4,"href":"https:\/\/medicat.com.br\/site\/wp-json\/wp\/v2\/pages\/370\/revisions"}],"predecessor-version":[{"id":380,"href":"https:\/\/medicat.com.br\/site\/wp-json\/wp\/v2\/pages\/370\/revisions\/380"}],"wp:attachment":[{"href":"https:\/\/medicat.com.br\/site\/wp-json\/wp\/v2\/media?parent=370"}],"curies":[{"name":"wp","href":"https:\/\/api.w.org\/{rel}","templated":true}]}}